{"id":822,"date":"2017-09-27T20:12:36","date_gmt":"2017-09-27T20:12:36","guid":{"rendered":"http:\/\/bremor.ch\/?page_id=822"},"modified":"2017-09-27T20:14:06","modified_gmt":"2017-09-27T20:14:06","slug":"ub-120","status":"publish","type":"page","link":"https:\/\/bremor.ch\/fr\/semi-automatic-machines\/ub-120\/","title":{"rendered":"Ub 120"},"content":{"rendered":"<p><\/p>\n<div class=\"left\">\n<a href=\"http:\/\/bremor.ch\/wp-content\/uploads\/2017\/09\/Ub120.jpg\" rel=\"lightbox[822]\"><img loading=\"lazy\" decoding=\"async\" src=\"http:\/\/bremor.ch\/wp-content\/uploads\/2017\/09\/Ub120-300x255.jpg\" alt=\"\" width=\"300\" height=\"255\" class=\"alignleft size-medium wp-image-823\" srcset=\"https:\/\/bremor.ch\/wp-content\/uploads\/2017\/09\/Ub120-300x255.jpg 300w, https:\/\/bremor.ch\/wp-content\/uploads\/2017\/09\/Ub120-768x652.jpg 768w, https:\/\/bremor.ch\/wp-content\/uploads\/2017\/09\/Ub120-1024x870.jpg 1024w, https:\/\/bremor.ch\/wp-content\/uploads\/2017\/09\/Ub120.jpg 1334w\" sizes=\"auto, (max-width: 300px) 100vw, 300px\" \/><\/a><\/p>\n<p><strong>Ub 120<\/strong><\/p>\n<\/ul>\n<\/div>\n<table class=\"right\">\n<tbody>\n<tr>\n<td><strong>Dimensions ext\u00e9rieures<\/strong><\/td>\n<td>&nbsp;1400 mm (W) x 1425 mm (D) x 2300 mm (H)<\/td>\n<\/tr>\n<tr>\n<td><strong>Cabine d&rsquo;int\u00e9rieures<\/strong><\/td>\n<td>&nbsp;1200 mm (L) x 800 mm (P) x 750 mm (H)<\/td>\n<\/tr>\n<tr>\n<td><strong>Hauteur plan de travail<\/strong><\/td>\n<td>&nbsp;950<\/td>\n<\/tr>\n<tr>\n<td><strong>Alimentation \u00e9lectrique<\/strong><\/td>\n<td>&nbsp;3 x 400 V \/ 50 Hz<\/td>\n<\/tr>\n<tr>\n<td><strong>Alimentation en air comprim\u00e9<\/strong><\/td>\n<td>&nbsp;3\/4&prime;<\/td>\n<\/tr>\n<tr>\n<td><strong>Consommation d&rsquo;air comprim\u00e9<\/strong><\/td>\n<td>&nbsp;~ 200 m<sup>3<\/sup>\/ h<\/td>\n<\/tr>\n<\/tbody>\n<\/table>\n<p><\/p>","protected":false},"excerpt":{"rendered":"<p>Ub 120 Dimensions ext\u00e9rieures &nbsp;1400 mm (W) x 1425 mm (D) x 2300 mm (H) Cabine d&rsquo;int\u00e9rieures &nbsp;1200 mm (L) x 800 mm (P) x 750 mm (H) Hauteur plan de travail &nbsp;950 Alimentation \u00e9lectrique &nbsp;3 x 400 V \/ 50 Hz Alimentation en air comprim\u00e9 &nbsp;3\/4&prime; Consommation d&rsquo;air comprim\u00e9 &nbsp;~ 200 m3\/ h<\/p>\n","protected":false},"author":3,"featured_media":0,"parent":676,"menu_order":0,"comment_status":"closed","ping_status":"closed","template":"","meta":{"_exactmetrics_skip_tracking":false,"_exactmetrics_sitenote_active":false,"_exactmetrics_sitenote_note":"","_exactmetrics_sitenote_category":0,"footnotes":""},"class_list":["post-822","page","type-page","status-publish","hentry"],"_links":{"self":[{"href":"https:\/\/bremor.ch\/fr\/wp-json\/wp\/v2\/pages\/822","targetHints":{"allow":["GET"]}}],"collection":[{"href":"https:\/\/bremor.ch\/fr\/wp-json\/wp\/v2\/pages"}],"about":[{"href":"https:\/\/bremor.ch\/fr\/wp-json\/wp\/v2\/types\/page"}],"author":[{"embeddable":true,"href":"https:\/\/bremor.ch\/fr\/wp-json\/wp\/v2\/users\/3"}],"replies":[{"embeddable":true,"href":"https:\/\/bremor.ch\/fr\/wp-json\/wp\/v2\/comments?post=822"}],"version-history":[{"count":2,"href":"https:\/\/bremor.ch\/fr\/wp-json\/wp\/v2\/pages\/822\/revisions"}],"predecessor-version":[{"id":825,"href":"https:\/\/bremor.ch\/fr\/wp-json\/wp\/v2\/pages\/822\/revisions\/825"}],"up":[{"embeddable":true,"href":"https:\/\/bremor.ch\/fr\/wp-json\/wp\/v2\/pages\/676"}],"wp:attachment":[{"href":"https:\/\/bremor.ch\/fr\/wp-json\/wp\/v2\/media?parent=822"}],"curies":[{"name":"wp","href":"https:\/\/api.w.org\/{rel}","templated":true}]}}