{"id":813,"date":"2017-09-27T20:04:27","date_gmt":"2017-09-27T20:04:27","guid":{"rendered":"http:\/\/bremor.ch\/?page_id=813"},"modified":"2017-09-27T20:09:52","modified_gmt":"2017-09-27T20:09:52","slug":"ub-100","status":"publish","type":"page","link":"https:\/\/bremor.ch\/fr\/semi-automatic-machines\/ub-100\/","title":{"rendered":"Ub 100"},"content":{"rendered":"<p><\/p>\n<div class=\"left\">\n<a href=\"http:\/\/bremor.ch\/wp-content\/uploads\/2017\/09\/Ub100-1.jpg\" rel=\"lightbox[813]\"><img loading=\"lazy\" decoding=\"async\" style=\"max-width: 200px; height: auto;\" src=\"http:\/\/bremor.ch\/wp-content\/uploads\/2017\/09\/Ub100-1-216x300.jpg\" alt=\"\" width=\"216\" height=\"300\" class=\"alignleft size-medium wp-image-815\" srcset=\"https:\/\/bremor.ch\/wp-content\/uploads\/2017\/09\/Ub100-1-216x300.jpg 216w, https:\/\/bremor.ch\/wp-content\/uploads\/2017\/09\/Ub100-1.jpg 700w\" sizes=\"auto, (max-width: 216px) 100vw, 216px\" \/><\/a><a href=\"http:\/\/bremor.ch\/wp-content\/uploads\/2017\/09\/Ub100-2.jpg\" rel=\"lightbox[813]\"><img loading=\"lazy\" decoding=\"async\" style=\"max-width: 200px; height: auto;\" src=\"http:\/\/bremor.ch\/wp-content\/uploads\/2017\/09\/Ub100-2-216x300.jpg\" alt=\"\" width=\"216\" height=\"300\" class=\"alignleft size-medium wp-image-814\" srcset=\"https:\/\/bremor.ch\/wp-content\/uploads\/2017\/09\/Ub100-2-216x300.jpg 216w, https:\/\/bremor.ch\/wp-content\/uploads\/2017\/09\/Ub100-2.jpg 700w\" sizes=\"auto, (max-width: 216px) 100vw, 216px\" \/><\/a><\/p>\n<p><strong>Ub 100<\/strong><\/p>\n<\/ul>\n<\/div>\n<table class=\"right\">\n<tbody>\n<tr>\n<td><strong>Dimensions ext\u00e9rieures<\/strong><\/td>\n<td>&nbsp;1100 mm (W) x 1280 mm (D) x 2000 mm (H)<\/td>\n<\/tr>\n<tr>\n<td><strong>Cabine d&rsquo;int\u00e9rieures<\/strong><\/td>\n<td>&nbsp;1000 mm (L) x 705 mm (P) x 750 mm (H)<\/td>\n<\/tr>\n<tr>\n<td><strong>Hauteur plan de travail<\/strong><\/td>\n<td>&nbsp;950<\/td>\n<\/tr>\n<tr>\n<td><strong>Alimentation \u00e9lectrique<\/strong><\/td>\n<td>&nbsp;3 x 400 V \/ 50 Hz<\/td>\n<\/tr>\n<tr>\n<td><strong>Alimentation en air comprim\u00e9<\/strong><\/td>\n<td>&nbsp;3\/4&prime;<\/td>\n<\/tr>\n<tr>\n<td><strong>Consommation d&rsquo;air comprim\u00e9<\/strong><\/td>\n<td>&nbsp;~ 160 m<sup>3<\/sup>\/ h<\/td>\n<\/tr>\n<\/tbody>\n<\/table>\n<p><\/p>","protected":false},"excerpt":{"rendered":"<p>Ub 100 Dimensions ext\u00e9rieures &nbsp;1100 mm (W) x 1280 mm (D) x 2000 mm (H) Cabine d&rsquo;int\u00e9rieures &nbsp;1000 mm (L) x 705 mm (P) x 750 mm (H) Hauteur plan de travail &nbsp;950 Alimentation \u00e9lectrique &nbsp;3 x 400 V \/ 50 Hz Alimentation en air comprim\u00e9 &nbsp;3\/4&prime; Consommation d&rsquo;air comprim\u00e9 &nbsp;~ 160 m3\/ h<\/p>\n","protected":false},"author":3,"featured_media":0,"parent":676,"menu_order":0,"comment_status":"closed","ping_status":"closed","template":"","meta":{"_exactmetrics_skip_tracking":false,"_exactmetrics_sitenote_active":false,"_exactmetrics_sitenote_note":"","_exactmetrics_sitenote_category":0,"footnotes":""},"class_list":["post-813","page","type-page","status-publish","hentry"],"_links":{"self":[{"href":"https:\/\/bremor.ch\/fr\/wp-json\/wp\/v2\/pages\/813","targetHints":{"allow":["GET"]}}],"collection":[{"href":"https:\/\/bremor.ch\/fr\/wp-json\/wp\/v2\/pages"}],"about":[{"href":"https:\/\/bremor.ch\/fr\/wp-json\/wp\/v2\/types\/page"}],"author":[{"embeddable":true,"href":"https:\/\/bremor.ch\/fr\/wp-json\/wp\/v2\/users\/3"}],"replies":[{"embeddable":true,"href":"https:\/\/bremor.ch\/fr\/wp-json\/wp\/v2\/comments?post=813"}],"version-history":[{"count":3,"href":"https:\/\/bremor.ch\/fr\/wp-json\/wp\/v2\/pages\/813\/revisions"}],"predecessor-version":[{"id":821,"href":"https:\/\/bremor.ch\/fr\/wp-json\/wp\/v2\/pages\/813\/revisions\/821"}],"up":[{"embeddable":true,"href":"https:\/\/bremor.ch\/fr\/wp-json\/wp\/v2\/pages\/676"}],"wp:attachment":[{"href":"https:\/\/bremor.ch\/fr\/wp-json\/wp\/v2\/media?parent=813"}],"curies":[{"name":"wp","href":"https:\/\/api.w.org\/{rel}","templated":true}]}}