{"id":564,"date":"2017-06-05T17:28:49","date_gmt":"2017-06-05T17:28:49","guid":{"rendered":"http:\/\/localhost\/wordpress\/?page_id=564"},"modified":"2017-10-02T18:56:38","modified_gmt":"2017-10-02T18:56:38","slug":"ub-202-180-n-05","status":"publish","type":"page","link":"https:\/\/bremor.ch\/fr\/batch-barrel-machines\/ub-202-180-n-05\/","title":{"rendered":"Ub 202 \/ 180 N 05"},"content":{"rendered":"<p><\/p>\n<div class=\"left\">\n<a href=\"http:\/\/bremor.ch\/wp-content\/uploads\/2017\/06\/Ub_202_180_N05_2_p.jpg\" rel=\"lightbox[564]\"><img loading=\"lazy\" decoding=\"async\" style=\"width: 202px;height: 258px;\" src=\"http:\/\/bremor.ch\/wp-content\/uploads\/2017\/06\/Ub_202_180_N05_2_p-249x300.jpg\" alt=\"\" width=\"249\" height=\"300\" class=\"alignnone size-medium wp-image-657\" srcset=\"https:\/\/bremor.ch\/wp-content\/uploads\/2017\/06\/Ub_202_180_N05_2_p-249x300.jpg 249w, https:\/\/bremor.ch\/wp-content\/uploads\/2017\/06\/Ub_202_180_N05_2_p.jpg 759w\" sizes=\"auto, (max-width: 249px) 100vw, 249px\" \/><\/a>&nbsp;<a href=\"http:\/\/bremor.ch\/wp-content\/uploads\/2017\/06\/Ub_202_180_N05_1_p.jpg\" rel=\"lightbox[564]\"><img loading=\"lazy\" decoding=\"async\" style=\"width: 202px;height: 258px;\" src=\"http:\/\/bremor.ch\/wp-content\/uploads\/2017\/06\/Ub_202_180_N05_1_p-258x300.jpg\" alt=\"\" width=\"258\" height=\"300\" class=\"alignnone size-medium wp-image-656\" srcset=\"https:\/\/bremor.ch\/wp-content\/uploads\/2017\/06\/Ub_202_180_N05_1_p-258x300.jpg 258w, https:\/\/bremor.ch\/wp-content\/uploads\/2017\/06\/Ub_202_180_N05_1_p.jpg 718w\" sizes=\"auto, (max-width: 258px) 100vw, 258px\" \/><\/a><\/p>\n<p><strong>Ub 202 \/ 180 N 05<\/strong><\/p>\n<ul>\n<li>2 cabines ind\u00e9pendantes<\/li>\n<li>Multiples configurations<\/li>\n<li>Pr\u00e9-s\u00e9paration des poussi\u00e8res<\/li>\n<\/ul>\n<\/div>\n<table class=\"right\">\n<tbody>\n<tr>\n<td><strong>Dimensions ext\u00e9rieures<\/strong><\/td>\n<td>&nbsp;1950 mm (W) x 1370 mm (D) x 2400 mm (H)<\/td>\n<\/tr>\n<tr>\n<td><strong>Cabine d&rsquo;int\u00e9rieures (par cabine)<\/strong><\/td>\n<td>&nbsp;900 mm (L) x 700 mm (P) x 1000 mm (H)<\/td>\n<\/tr>\n<tr>\n<td><strong>Hauteur plan de travail<\/strong><\/td>\n<td>&nbsp;750<\/td>\n<\/tr>\n<tr>\n<td><strong>Pistolets (par cabine)<\/strong><\/td>\n<td>&nbsp;4 pistolet 3\/4&Prime; avec buse tungst\u00e8ne&nbsp;\u00d8 8mm<\/td>\n<\/tr>\n<tr>\n<td><strong>Alimentation \u00e9lectrique<\/strong><\/td>\n<td>&nbsp;3 x 400 V \/ 50 Hz<\/td>\n<\/tr>\n<tr>\n<td><strong>Consommation \u00e9lectrique<\/strong><\/td>\n<td>&nbsp;~ 4,0 kW&nbsp;<\/td>\n<\/tr>\n<tr>\n<td><strong>Alimentation en air comprim\u00e9<\/strong><\/td>\n<td>&nbsp;3\/4&prime;<\/td>\n<\/tr>\n<tr>\n<td><strong>Consommation d&rsquo;air comprim\u00e9<\/strong><\/td>\n<td>&nbsp;d\u00e9pend de la configuration<\/td>\n<\/tr>\n<tr>\n<td style=\"vertical-align: top;\">\n<p><strong>Configuration<\/strong><\/p>\n<\/td>\n<td>&nbsp;2 dispositifs tonneau &#8211; vrac \u00d8 350 x 400 mm&nbsp;<\/p>\n<p>&nbsp;ou<\/p>\n<p>&nbsp;4&nbsp;dispositifs tonneau &#8211; vrac \u00d8 120 \/ \u00d8 200 \/ \u00d8 250 mm<\/td>\n<\/tr>\n<tr>\n<td><strong>Options<\/strong><\/td>\n<td>Tapis antistatique, \u00e9clairage LED,&nbsp;aspirateur \u00e0 poussi\u00e8res,<br \/> chauffages, vibreurs, automate programmable<\/td>\n<\/tr>\n<\/tbody>\n<\/table>\n<p><\/p>","protected":false},"excerpt":{"rendered":"<p>&nbsp; Ub 202 \/ 180 N 05 2 cabines ind\u00e9pendantes Multiples configurations Pr\u00e9-s\u00e9paration des poussi\u00e8res Dimensions ext\u00e9rieures &nbsp;1950 mm (W) x 1370 mm (D) x 2400 mm (H) Cabine d&rsquo;int\u00e9rieures (par cabine) &nbsp;900 mm (L) x 700 mm (P) x 1000 mm (H) Hauteur plan de travail &nbsp;750 Pistolets (par cabine) &nbsp;4 pistolet 3\/4&Prime; avec [&hellip;]<\/p>\n","protected":false},"author":2,"featured_media":0,"parent":504,"menu_order":0,"comment_status":"closed","ping_status":"closed","template":"","meta":{"_exactmetrics_skip_tracking":false,"_exactmetrics_sitenote_active":false,"_exactmetrics_sitenote_note":"","_exactmetrics_sitenote_category":0,"footnotes":""},"class_list":["post-564","page","type-page","status-publish","hentry"],"_links":{"self":[{"href":"https:\/\/bremor.ch\/fr\/wp-json\/wp\/v2\/pages\/564","targetHints":{"allow":["GET"]}}],"collection":[{"href":"https:\/\/bremor.ch\/fr\/wp-json\/wp\/v2\/pages"}],"about":[{"href":"https:\/\/bremor.ch\/fr\/wp-json\/wp\/v2\/types\/page"}],"author":[{"embeddable":true,"href":"https:\/\/bremor.ch\/fr\/wp-json\/wp\/v2\/users\/2"}],"replies":[{"embeddable":true,"href":"https:\/\/bremor.ch\/fr\/wp-json\/wp\/v2\/comments?post=564"}],"version-history":[{"count":11,"href":"https:\/\/bremor.ch\/fr\/wp-json\/wp\/v2\/pages\/564\/revisions"}],"predecessor-version":[{"id":863,"href":"https:\/\/bremor.ch\/fr\/wp-json\/wp\/v2\/pages\/564\/revisions\/863"}],"up":[{"embeddable":true,"href":"https:\/\/bremor.ch\/fr\/wp-json\/wp\/v2\/pages\/504"}],"wp:attachment":[{"href":"https:\/\/bremor.ch\/fr\/wp-json\/wp\/v2\/media?parent=564"}],"curies":[{"name":"wp","href":"https:\/\/api.w.org\/{rel}","templated":true}]}}