{"id":562,"date":"2017-06-05T17:27:46","date_gmt":"2017-06-05T17:27:46","guid":{"rendered":"http:\/\/localhost\/wordpress\/?page_id=562"},"modified":"2018-02-01T11:23:45","modified_gmt":"2018-02-01T11:23:45","slug":"ub-100","status":"publish","type":"page","link":"https:\/\/bremor.ch\/fr\/fully-automatic-machines\/ub-100\/","title":{"rendered":"Ub 100"},"content":{"rendered":"<p><a href=\"http:\/\/bremor.ch\/wp-content\/uploads\/2017\/06\/Ub_100_450_Sp82b_2_p.jpg\" rel=\"lightbox[562]\"><img loading=\"lazy\" decoding=\"async\" class=\"alignnone size-medium wp-image-630\" style=\"width: 200px; height: auto; vertical-align: top;\" src=\"http:\/\/bremor.ch\/wp-content\/uploads\/2017\/06\/Ub_100_450_Sp82b_2_p-211x300.jpg\" alt=\"\" width=\"211\" height=\"300\" srcset=\"https:\/\/bremor.ch\/wp-content\/uploads\/2017\/06\/Ub_100_450_Sp82b_2_p-211x300.jpg 211w, https:\/\/bremor.ch\/wp-content\/uploads\/2017\/06\/Ub_100_450_Sp82b_2_p.jpg 620w\" sizes=\"auto, (max-width: 211px) 100vw, 211px\" \/><\/a> <a href=\"http:\/\/bremor.ch\/wp-content\/uploads\/2017\/06\/Ub_100_450_Sp82b_1_p.jpg\" rel=\"lightbox[562]\"><img loading=\"lazy\" decoding=\"async\" class=\"alignnone size-medium wp-image-631\" style=\"width: 200px; height: 284px; vertical-align: top;\" src=\"http:\/\/bremor.ch\/wp-content\/uploads\/2017\/06\/Ub_100_450_Sp82b_1_p-300x274.jpg\" alt=\"\" width=\"300\" height=\"274\" srcset=\"https:\/\/bremor.ch\/wp-content\/uploads\/2017\/06\/Ub_100_450_Sp82b_1_p-300x274.jpg 300w, https:\/\/bremor.ch\/wp-content\/uploads\/2017\/06\/Ub_100_450_Sp82b_1_p-768x702.jpg 768w, https:\/\/bremor.ch\/wp-content\/uploads\/2017\/06\/Ub_100_450_Sp82b_1_p-1024x936.jpg 1024w, https:\/\/bremor.ch\/wp-content\/uploads\/2017\/06\/Ub_100_450_Sp82b_1_p.jpg 1241w\" sizes=\"auto, (max-width: 300px) 100vw, 300px\" \/><\/a><\/p>\n<div class=\"left\">\n<p><strong>Ub 100<\/strong><\/p>\n<\/div>\n<table class=\"right-sp-40\">\n<tbody>\n<tr>\n<td><strong>Dimensions ext\u00e9rieures<\/strong><\/td>\n<td>&nbsp;1100 mm (L) x 1280 mm (P) x 2000 mm (H)<\/td>\n<\/tr>\n<tr>\n<td><strong>Cabine d&rsquo;int\u00e9rieures<\/strong><\/td>\n<td>&nbsp;1000 mm (L) x 705 mm (P) x 750 mm (H)<\/td>\n<\/tr>\n<tr>\n<td><strong>Hauteur plan de travail<\/strong><\/td>\n<td>&nbsp;950<\/td>\n<\/tr>\n<tr>\n<td><strong>Alimentation \u00e9lectrique<\/strong><\/td>\n<td>&nbsp;3 x 400 V \/ 50 Hz<\/td>\n<\/tr>\n<td><strong>Alimentation en air comprim\u00e9<\/strong><\/td>\n<td>&nbsp;3\/4&prime;<\/td>\n<\/tr>\n<tr>\n<td><strong>Consommation d&rsquo;air comprim\u00e9<\/strong><\/td>\n<td>&nbsp;~ 180 m<sup>3<\/sup>\/ h<\/td>\n<\/tr>\n<\/tbody>\n<\/table>\n<p><\/p>","protected":false},"excerpt":{"rendered":"<p>Ub 100 Dimensions ext\u00e9rieures &nbsp;1100 mm (L) x 1280 mm (P) x 2000 mm (H) Cabine d&rsquo;int\u00e9rieures &nbsp;1000 mm (L) x 705 mm (P) x 750 mm (H) Hauteur plan de travail &nbsp;950 Alimentation \u00e9lectrique &nbsp;3 x 400 V \/ 50 Hz Alimentation en air comprim\u00e9 &nbsp;3\/4&prime; Consommation d&rsquo;air comprim\u00e9 &nbsp;~ 180 m3\/ h<\/p>\n","protected":false},"author":2,"featured_media":0,"parent":502,"menu_order":0,"comment_status":"closed","ping_status":"closed","template":"","meta":{"_exactmetrics_skip_tracking":false,"_exactmetrics_sitenote_active":false,"_exactmetrics_sitenote_note":"","_exactmetrics_sitenote_category":0,"footnotes":""},"class_list":["post-562","page","type-page","status-publish","hentry"],"_links":{"self":[{"href":"https:\/\/bremor.ch\/fr\/wp-json\/wp\/v2\/pages\/562","targetHints":{"allow":["GET"]}}],"collection":[{"href":"https:\/\/bremor.ch\/fr\/wp-json\/wp\/v2\/pages"}],"about":[{"href":"https:\/\/bremor.ch\/fr\/wp-json\/wp\/v2\/types\/page"}],"author":[{"embeddable":true,"href":"https:\/\/bremor.ch\/fr\/wp-json\/wp\/v2\/users\/2"}],"replies":[{"embeddable":true,"href":"https:\/\/bremor.ch\/fr\/wp-json\/wp\/v2\/comments?post=562"}],"version-history":[{"count":15,"href":"https:\/\/bremor.ch\/fr\/wp-json\/wp\/v2\/pages\/562\/revisions"}],"predecessor-version":[{"id":898,"href":"https:\/\/bremor.ch\/fr\/wp-json\/wp\/v2\/pages\/562\/revisions\/898"}],"up":[{"embeddable":true,"href":"https:\/\/bremor.ch\/fr\/wp-json\/wp\/v2\/pages\/502"}],"wp:attachment":[{"href":"https:\/\/bremor.ch\/fr\/wp-json\/wp\/v2\/media?parent=562"}],"curies":[{"name":"wp","href":"https:\/\/api.w.org\/{rel}","templated":true}]}}