{"id":550,"date":"2017-06-05T17:15:16","date_gmt":"2017-06-05T17:15:16","guid":{"rendered":"http:\/\/localhost\/wordpress\/?page_id=550"},"modified":"2017-09-27T17:10:42","modified_gmt":"2017-09-27T17:10:42","slug":"ms-70-sandblasting-machine","status":"publish","type":"page","link":"https:\/\/bremor.ch\/fr\/manually-operated-machines\/ms-70-sandblasting-machine\/","title":{"rendered":"Ms 70 &#8211; Appareil de sablage \/ microbillage"},"content":{"rendered":"<p><\/p>\n<div class=\"left\">\n<a href=\"http:\/\/bremor.ch\/wp-content\/uploads\/2017\/06\/2.jpg\" rel=\"lightbox[550]\"><img loading=\"lazy\" decoding=\"async\" style=\"max-width: 210px; height: auto;\" src=\"http:\/\/bremor.ch\/wp-content\/uploads\/2017\/06\/2-260x300.jpg\" alt=\"\" width=\"260\" height=\"300\" class=\"alignleft size-medium wp-image-772\" srcset=\"https:\/\/bremor.ch\/wp-content\/uploads\/2017\/06\/2-260x300.jpg 260w, https:\/\/bremor.ch\/wp-content\/uploads\/2017\/06\/2-768x885.jpg 768w, https:\/\/bremor.ch\/wp-content\/uploads\/2017\/06\/2-888x1024.jpg 888w, https:\/\/bremor.ch\/wp-content\/uploads\/2017\/06\/2.jpg 937w\" sizes=\"auto, (max-width: 260px) 100vw, 260px\" \/><\/a><a href=\"http:\/\/bremor.ch\/wp-content\/uploads\/2017\/06\/Untitled-1-1.jpg\" rel=\"lightbox[550]\"><img loading=\"lazy\" decoding=\"async\" style=\"max-width: 210px; height: auto;\" src=\"http:\/\/bremor.ch\/wp-content\/uploads\/2017\/06\/Untitled-1-1-260x300.jpg\" alt=\"\" width=\"260\" height=\"300\" class=\"alignleft size-medium wp-image-771\" srcset=\"https:\/\/bremor.ch\/wp-content\/uploads\/2017\/06\/Untitled-1-1-260x300.jpg 260w, https:\/\/bremor.ch\/wp-content\/uploads\/2017\/06\/Untitled-1-1-768x885.jpg 768w, https:\/\/bremor.ch\/wp-content\/uploads\/2017\/06\/Untitled-1-1-888x1024.jpg 888w, https:\/\/bremor.ch\/wp-content\/uploads\/2017\/06\/Untitled-1-1.jpg 937w\" sizes=\"auto, (max-width: 260px) 100vw, 260px\" \/><\/a><\/p>\n<p><strong>Ms 70 N01<\/strong><\/p>\n<ul>\n<li>Machine \u00e0 d\u00e9pression<\/li>\n<li>Pr\u00e9-s\u00e9paration des poussi\u00e8re<\/li>\n<\/ul>\n<\/div>\n<table class=\"right\">\n<tbody>\n<tr>\n<td><strong>Dimensions ext\u00e9rieures<\/strong><\/td>\n<td>&nbsp;780 mm (W) x 960 mm (D) x 1550 mm (H)<\/td>\n<\/tr>\n<tr>\n<td><strong>Cabine d&rsquo;int\u00e9rieures<\/strong><\/td>\n<td>&nbsp;700 mm (W) x 500 mm (D) x 500 mm (H)<\/td>\n<\/tr>\n<tr>\n<td><strong>Hauteur plan de travail<\/strong><\/td>\n<td>&nbsp;760<\/td>\n<\/tr>\n<tr>\n<td><strong>Pistolets<\/strong><\/td>\n<td>&nbsp;1 pistolet 3\/4&Prime; avec buse tungst\u00e8ne&nbsp;\u00d8 7mm<\/td>\n<\/tr>\n<tr>\n<td><strong>Alimentation \u00e9lectrique<\/strong><\/td>\n<td>&nbsp;3 x 400 V \/ 50 Hz<\/td>\n<\/tr>\n<tr>\n<td><strong>Consommation \u00e9lectrique<\/strong><\/td>\n<td>&nbsp;~ 1 kW&nbsp;<\/td>\n<\/tr>\n<tr>\n<td><strong>Alimentation en air comprim\u00e9<\/strong><\/td>\n<td>&nbsp;1\/2&prime;<\/td>\n<\/tr>\n<tr>\n<td><strong>Consommation d&rsquo;air comprim\u00e9<\/strong><\/td>\n<td>&nbsp;~ 40 m<sup>3<\/sup>\/ h @ 5 bar<\/td>\n<\/tr>\n<tr>\n<td><strong>Configuration<\/strong><\/td>\n<td>&nbsp;1 pistolet \u00e0 main, pr\u00e9-s\u00e9pration des poussi\u00e8res<\/td>\n<\/tr>\n<tr>\n<td><strong>Options<\/strong><\/td>\n<td>&nbsp;Tapis antistatique, \u00e9clairage LED<\/td>\n<\/tr>\n<\/tbody>\n<\/table>\n<p><\/p>","protected":false},"excerpt":{"rendered":"<p>Ms 70 N01 Machine \u00e0 d\u00e9pression Pr\u00e9-s\u00e9paration des poussi\u00e8re Dimensions ext\u00e9rieures &nbsp;780 mm (W) x 960 mm (D) x 1550 mm (H) Cabine d&rsquo;int\u00e9rieures &nbsp;700 mm (W) x 500 mm (D) x 500 mm (H) Hauteur plan de travail &nbsp;760 Pistolets &nbsp;1 pistolet 3\/4&Prime; avec buse tungst\u00e8ne&nbsp;\u00d8 7mm Alimentation \u00e9lectrique &nbsp;3 x 400 V \/ [&hellip;]<\/p>\n","protected":false},"author":2,"featured_media":0,"parent":500,"menu_order":0,"comment_status":"closed","ping_status":"closed","template":"","meta":{"_exactmetrics_skip_tracking":false,"_exactmetrics_sitenote_active":false,"_exactmetrics_sitenote_note":"","_exactmetrics_sitenote_category":0,"footnotes":""},"class_list":["post-550","page","type-page","status-publish","hentry"],"_links":{"self":[{"href":"https:\/\/bremor.ch\/fr\/wp-json\/wp\/v2\/pages\/550","targetHints":{"allow":["GET"]}}],"collection":[{"href":"https:\/\/bremor.ch\/fr\/wp-json\/wp\/v2\/pages"}],"about":[{"href":"https:\/\/bremor.ch\/fr\/wp-json\/wp\/v2\/types\/page"}],"author":[{"embeddable":true,"href":"https:\/\/bremor.ch\/fr\/wp-json\/wp\/v2\/users\/2"}],"replies":[{"embeddable":true,"href":"https:\/\/bremor.ch\/fr\/wp-json\/wp\/v2\/comments?post=550"}],"version-history":[{"count":16,"href":"https:\/\/bremor.ch\/fr\/wp-json\/wp\/v2\/pages\/550\/revisions"}],"predecessor-version":[{"id":786,"href":"https:\/\/bremor.ch\/fr\/wp-json\/wp\/v2\/pages\/550\/revisions\/786"}],"up":[{"embeddable":true,"href":"https:\/\/bremor.ch\/fr\/wp-json\/wp\/v2\/pages\/500"}],"wp:attachment":[{"href":"https:\/\/bremor.ch\/fr\/wp-json\/wp\/v2\/media?parent=550"}],"curies":[{"name":"wp","href":"https:\/\/api.w.org\/{rel}","templated":true}]}}