{"id":554,"date":"2017-06-05T17:17:46","date_gmt":"2017-06-05T17:17:46","guid":{"rendered":"http:\/\/localhost\/wordpress\/?page_id=554"},"modified":"2017-09-27T17:14:53","modified_gmt":"2017-09-27T17:14:53","slug":"mb-100-sandblasting-machine","status":"publish","type":"page","link":"https:\/\/bremor.ch\/de\/manually-operated-machines\/mb-100-sandblasting-machine\/","title":{"rendered":"Mb 100 &#8211; Sandstrahlanlage"},"content":{"rendered":"<p><\/p>\n<div class=\"left\">\n<a href=\"http:\/\/bremor.ch\/wp-content\/uploads\/2017\/06\/Mb_100_N01_2_p.jpg\" rel=\"lightbox[554]\"><img loading=\"lazy\" decoding=\"async\" src=\"http:\/\/bremor.ch\/wp-content\/uploads\/2017\/06\/Mb_100_N01_2_p-196x300.jpg\" alt=\"\" width=\"196\" height=\"300\" class=\"alignnone size-medium wp-image-612\" srcset=\"https:\/\/bremor.ch\/wp-content\/uploads\/2017\/06\/Mb_100_N01_2_p-196x300.jpg 196w, https:\/\/bremor.ch\/wp-content\/uploads\/2017\/06\/Mb_100_N01_2_p-668x1024.jpg 668w, https:\/\/bremor.ch\/wp-content\/uploads\/2017\/06\/Mb_100_N01_2_p.jpg 671w\" sizes=\"auto, (max-width: 196px) 100vw, 196px\" \/><\/a>&nbsp;<a href=\"http:\/\/bremor.ch\/wp-content\/uploads\/2017\/06\/Mb_100_N01_1_p.jpg\" rel=\"lightbox[554]\"><img loading=\"lazy\" decoding=\"async\" src=\"http:\/\/bremor.ch\/wp-content\/uploads\/2017\/06\/Mb_100_N01_1_p-195x300.jpg\" alt=\"\" width=\"195\" height=\"300\" class=\"alignnone size-medium wp-image-613\" srcset=\"https:\/\/bremor.ch\/wp-content\/uploads\/2017\/06\/Mb_100_N01_1_p-195x300.jpg 195w, https:\/\/bremor.ch\/wp-content\/uploads\/2017\/06\/Mb_100_N01_1_p-665x1024.jpg 665w, https:\/\/bremor.ch\/wp-content\/uploads\/2017\/06\/Mb_100_N01_1_p.jpg 705w\" sizes=\"auto, (max-width: 195px) 100vw, 195px\" \/><\/a><\/p>\n<p><strong>Mb 100 N01<\/strong><\/p>\n<ul>\n<li>Sand- und Kugelstrahlger\u00e4t<\/li>\n<li>Gross Arbeitsraum<\/li>\n<\/ul>\n<\/div>\n<table class=\"right\">\n<tbody>\n<tr>\n<td><strong>Raumbedarf<\/strong><\/td>\n<td>&nbsp;1100 mm (W) x 1000 mm (D) x 1900 mm (H)<\/td>\n<\/tr>\n<tr>\n<td><strong>Abmessungen Arbeitsraum<\/strong><\/td>\n<td>&nbsp;1000 mm (W) x 800 mm (D) x 700 mm (H)<\/td>\n<\/tr>\n<tr>\n<td><strong>Arbeitstischh\u00f6he<\/strong><\/td>\n<td>&nbsp;890<\/td>\n<\/tr>\n<tr>\n<td><strong>Strahlpistole<\/strong><\/td>\n<td>&nbsp;1 Strahlpistole 3\/4&#8243; mit Borcarbidd\u00fcse \u00d8 10mm<\/td>\n<\/tr>\n<tr>\n<td><strong>Elektrische Anschl\u00fcsse<\/strong><\/td>\n<td>&nbsp;3 x 400 V \/ 50 Hz<\/td>\n<\/tr>\n<tr>\n<td><strong>Anschlusswert<\/strong><\/td>\n<td>&nbsp;~ 0,75 kW&nbsp;<\/td>\n<\/tr>\n<tr>\n<td><strong>Pressluft Anschluss<\/strong><\/td>\n<td>&nbsp;1\/2&#8242;<\/td>\n<\/tr>\n<tr>\n<td><strong>Pressluftverbrauch<\/strong><\/td>\n<td>&nbsp;~ 60 m<sup>3<\/sup>\/ h @ 5 bar<\/td>\n<\/tr>\n<tr>\n<td><strong>Konfiguration<\/strong><\/td>\n<td>&nbsp;1 Strahlpistole&nbsp;<\/td>\n<\/tr>\n<tr>\n<td><strong>Optionen<\/strong><\/td>\n<td>&nbsp;ESD-Teppich, LED-Beleuchtung,&nbsp;Staubabsaugung<\/td>\n<\/tr>\n<\/tbody>\n<\/table>\n<p><\/p>","protected":false},"excerpt":{"rendered":"<p>&nbsp; Mb 100 N01 Sand- und Kugelstrahlger\u00e4t Gross Arbeitsraum Raumbedarf &nbsp;1100 mm (W) x 1000 mm (D) x 1900 mm (H) Abmessungen Arbeitsraum &nbsp;1000 mm (W) x 800 mm (D) x 700 mm (H) Arbeitstischh\u00f6he &nbsp;890 Strahlpistole &nbsp;1 Strahlpistole 3\/4&#8243; mit Borcarbidd\u00fcse \u00d8 10mm Elektrische Anschl\u00fcsse &nbsp;3 x 400 V \/ 50 Hz Anschlusswert &nbsp;~ [&hellip;]<\/p>\n","protected":false},"author":2,"featured_media":0,"parent":500,"menu_order":0,"comment_status":"closed","ping_status":"closed","template":"","meta":{"_exactmetrics_skip_tracking":false,"_exactmetrics_sitenote_active":false,"_exactmetrics_sitenote_note":"","_exactmetrics_sitenote_category":0,"footnotes":""},"class_list":["post-554","page","type-page","status-publish","hentry"],"_links":{"self":[{"href":"https:\/\/bremor.ch\/de\/wp-json\/wp\/v2\/pages\/554","targetHints":{"allow":["GET"]}}],"collection":[{"href":"https:\/\/bremor.ch\/de\/wp-json\/wp\/v2\/pages"}],"about":[{"href":"https:\/\/bremor.ch\/de\/wp-json\/wp\/v2\/types\/page"}],"author":[{"embeddable":true,"href":"https:\/\/bremor.ch\/de\/wp-json\/wp\/v2\/users\/2"}],"replies":[{"embeddable":true,"href":"https:\/\/bremor.ch\/de\/wp-json\/wp\/v2\/comments?post=554"}],"version-history":[{"count":5,"href":"https:\/\/bremor.ch\/de\/wp-json\/wp\/v2\/pages\/554\/revisions"}],"predecessor-version":[{"id":787,"href":"https:\/\/bremor.ch\/de\/wp-json\/wp\/v2\/pages\/554\/revisions\/787"}],"up":[{"embeddable":true,"href":"https:\/\/bremor.ch\/de\/wp-json\/wp\/v2\/pages\/500"}],"wp:attachment":[{"href":"https:\/\/bremor.ch\/de\/wp-json\/wp\/v2\/media?parent=554"}],"curies":[{"name":"wp","href":"https:\/\/api.w.org\/{rel}","templated":true}]}}