{"id":546,"date":"2017-06-05T17:10:53","date_gmt":"2017-06-05T17:10:53","guid":{"rendered":"http:\/\/localhost\/wordpress\/?page_id=546"},"modified":"2017-09-27T17:02:13","modified_gmt":"2017-09-27T17:02:13","slug":"ms-40-kk-5s-machine-with-3-fine-sandblasting-nozzles","status":"publish","type":"page","link":"https:\/\/bremor.ch\/de\/manually-operated-machines\/ms-40-kk-5s-machine-with-3-fine-sandblasting-nozzles\/","title":{"rendered":"Ms 40 + KK 5S &#8211; Sandstrahlanlage mit 3 Bleistift-D\u00fcsen"},"content":{"rendered":"<p><\/p>\n<div class=\"left\">\n<a href=\"http:\/\/bremor.ch\/wp-content\/uploads\/2017\/06\/Ms40_1.jpg\" rel=\"lightbox[546]\"><img loading=\"lazy\" decoding=\"async\" src=\"http:\/\/bremor.ch\/wp-content\/uploads\/2017\/06\/Ms40_1-152x300.jpg\" alt=\"\" width=\"152\" height=\"300\" class=\"alignleft size-medium wp-image-755\" srcset=\"https:\/\/bremor.ch\/wp-content\/uploads\/2017\/06\/Ms40_1-152x300.jpg 152w, https:\/\/bremor.ch\/wp-content\/uploads\/2017\/06\/Ms40_1.jpg 254w\" sizes=\"auto, (max-width: 152px) 100vw, 152px\" \/><\/a><a href=\"http:\/\/bremor.ch\/wp-content\/uploads\/2017\/06\/Ms40_2.jpg\" rel=\"lightbox[546]\"><img loading=\"lazy\" decoding=\"async\" src=\"http:\/\/bremor.ch\/wp-content\/uploads\/2017\/06\/Ms40_2-152x300.jpg\" alt=\"\" width=\"152\" height=\"300\" class=\"alignleft size-medium wp-image-756\" srcset=\"https:\/\/bremor.ch\/wp-content\/uploads\/2017\/06\/Ms40_2-152x300.jpg 152w, https:\/\/bremor.ch\/wp-content\/uploads\/2017\/06\/Ms40_2.jpg 254w\" sizes=\"auto, (max-width: 152px) 100vw, 152px\" \/><\/a><a href=\"http:\/\/bremor.ch\/wp-content\/uploads\/2017\/06\/Ms40_5.jpg\" rel=\"lightbox[546]\"><img loading=\"lazy\" decoding=\"async\" src=\"http:\/\/bremor.ch\/wp-content\/uploads\/2017\/06\/Ms40_5-300x250.jpg\" alt=\"\" width=\"300\" height=\"250\" class=\"alignleft size-medium wp-image-753\" srcset=\"https:\/\/bremor.ch\/wp-content\/uploads\/2017\/06\/Ms40_5-300x250.jpg 300w, https:\/\/bremor.ch\/wp-content\/uploads\/2017\/06\/Ms40_5.jpg 500w\" sizes=\"auto, (max-width: 300px) 100vw, 300px\" \/><\/a><a href=\"http:\/\/bremor.ch\/wp-content\/uploads\/2017\/06\/21.jpg\" rel=\"lightbox[546]\"><img loading=\"lazy\" decoding=\"async\" src=\"http:\/\/bremor.ch\/wp-content\/uploads\/2017\/06\/21-150x150.jpg\" alt=\"\" width=\"150\" height=\"150\" class=\"alignleft size-thumbnail wp-image-759\" \/><\/a><a href=\"http:\/\/bremor.ch\/wp-content\/uploads\/2017\/06\/1.jpg\" rel=\"lightbox[546]\"><img loading=\"lazy\" decoding=\"async\" src=\"http:\/\/bremor.ch\/wp-content\/uploads\/2017\/06\/1-150x150.jpg\" alt=\"\" width=\"150\" height=\"150\" class=\"alignleft size-thumbnail wp-image-760\" \/><\/a>\n<\/div>\n<table class=\"right\">\n<p><strong>Ms 40 N01 + KK 5S<\/strong><\/p>\n<ul>\n<li>Maschine mit drei Bleistift-D\u00fcsen<\/li>\n<li>Drei Druckbeh\u00e4lter f\u00fcr verschiedene Strahlmittel<\/li>\n<li>Fahrbare Anlage mit Staubabsaugung<\/li>\n<\/ul>\n<tbody>\n<tr>\n<td><strong>Raumbedarf<\/strong><\/td>\n<td>&nbsp;620 mm (B) x 690 mm (T) x 1750 mm (H)<\/td>\n<\/tr>\n<tr>\n<td><strong>Abmessungen Arbeitsraum<\/strong><\/td>\n<td>&nbsp;400 mm (B) x 400 mm (T) x 100 bis 455 mm (H)<\/td>\n<\/tr>\n<tr>\n<td><strong>Arbeitstischh\u00f6he<\/strong><\/td>\n<td>&nbsp;1070<\/td>\n<\/tr>\n<tr>\n<td><strong>Strahlpistole<\/strong><\/td>\n<td>3 Bleistift-D\u00fcsen<\/td>\n<\/tr>\n<tr>\n<td><strong>Elektrische Anschl\u00fcsse<\/strong><\/td>\n<td>&nbsp;3 x 400 V \/ 50 Hz<\/td>\n<\/tr>\n<tr>\n<td><strong>Anschlusswert<\/strong><\/td>\n<td>&nbsp;~ 0,7 kW&nbsp;<\/td>\n<\/tr>\n<tr>\n<td><strong>Pressluft Anschluss<\/strong><\/td>\n<td>&nbsp;1\/2&#8242;<\/td>\n<\/tr>\n<tr>\n<td><strong>Pressluftverbrauch<\/strong><\/td>\n<td>&nbsp;~ 10 m<sup>3<\/sup>\/ h<\/td>\n<\/tr>\n<tr>\n<td><strong>Konfiguration<\/strong><\/td>\n<td>&nbsp;3&nbsp;Druckbeh\u00e4lter,&nbsp;Fahrbare Anlage, Staubabsaugung<\/td>\n<\/tr>\n<tr>\n<td><strong>Optionen<\/strong><\/td>\n<td>&nbsp;ESD-Teppich, LED-Beleuchtung, Handblaspistole innerhalb des Arbeitsraumes<\/td>\n<\/tr>\n<\/tbody>\n<\/table>\n<p><\/p>","protected":false},"excerpt":{"rendered":"<p>Ms 40 N01 + KK 5S Maschine mit drei Bleistift-D\u00fcsen Drei Druckbeh\u00e4lter f\u00fcr verschiedene Strahlmittel Fahrbare Anlage mit Staubabsaugung Raumbedarf &nbsp;620 mm (B) x 690 mm (T) x 1750 mm (H) Abmessungen Arbeitsraum &nbsp;400 mm (B) x 400 mm (T) x 100 bis 455 mm (H) Arbeitstischh\u00f6he &nbsp;1070 Strahlpistole 3 Bleistift-D\u00fcsen Elektrische Anschl\u00fcsse &nbsp;3 x [&hellip;]<\/p>\n","protected":false},"author":2,"featured_media":0,"parent":500,"menu_order":0,"comment_status":"closed","ping_status":"closed","template":"","meta":{"_exactmetrics_skip_tracking":false,"_exactmetrics_sitenote_active":false,"_exactmetrics_sitenote_note":"","_exactmetrics_sitenote_category":0,"footnotes":""},"class_list":["post-546","page","type-page","status-publish","hentry"],"_links":{"self":[{"href":"https:\/\/bremor.ch\/de\/wp-json\/wp\/v2\/pages\/546","targetHints":{"allow":["GET"]}}],"collection":[{"href":"https:\/\/bremor.ch\/de\/wp-json\/wp\/v2\/pages"}],"about":[{"href":"https:\/\/bremor.ch\/de\/wp-json\/wp\/v2\/types\/page"}],"author":[{"embeddable":true,"href":"https:\/\/bremor.ch\/de\/wp-json\/wp\/v2\/users\/2"}],"replies":[{"embeddable":true,"href":"https:\/\/bremor.ch\/de\/wp-json\/wp\/v2\/comments?post=546"}],"version-history":[{"count":16,"href":"https:\/\/bremor.ch\/de\/wp-json\/wp\/v2\/pages\/546\/revisions"}],"predecessor-version":[{"id":782,"href":"https:\/\/bremor.ch\/de\/wp-json\/wp\/v2\/pages\/546\/revisions\/782"}],"up":[{"embeddable":true,"href":"https:\/\/bremor.ch\/de\/wp-json\/wp\/v2\/pages\/500"}],"wp:attachment":[{"href":"https:\/\/bremor.ch\/de\/wp-json\/wp\/v2\/media?parent=546"}],"curies":[{"name":"wp","href":"https:\/\/api.w.org\/{rel}","templated":true}]}}