{"id":496,"date":"2017-06-05T14:06:56","date_gmt":"2017-06-05T14:06:56","guid":{"rendered":"http:\/\/localhost\/wordpress\/?page_id=496"},"modified":"2018-02-01T11:28:18","modified_gmt":"2018-02-01T11:28:18","slug":"home","status":"publish","type":"page","link":"https:\/\/bremor.ch\/de\/","title":{"rendered":"Zuhause"},"content":{"rendered":"<p><\/p>\n<div class=\"slid\">\n\n\t\t<!-- MasterSlider -->\n\t\t<div id=\"P_MS69e1de9e9407f\" class=\"master-slider-parent msl ms-parent-id-3\" style=\"\">\n\n\t\t\t\n\t\t\t<!-- MasterSlider Main -->\n\t\t\t<div id=\"MS69e1de9e9407f\" class=\"master-slider ms-skin-default\" >\n\t\t\t\t \t\t\t\t \n\t\t\t\t<div  class=\"ms-slide\" data-delay=\"3\" data-fill-mode=\"fill\"  >\n\t\t\t\t\t<img decoding=\"async\" src=\"https:\/\/bremor.ch\/wp-content\/plugins\/master-slider\/public\/assets\/css\/blank.gif\" alt=\"\" title=\"\" data-src=\"https:\/\/bremor.ch\/wp-content\/uploads\/2017\/06\/Untitled-1.jpg\" \/>\n\n\n\t<div class=\"ms-thumb\" ><div class=\"ms-tab-context\"><div class=\"&quot;ms-tab-context&quot;\"><\/div><\/div>\n<\/div>\n\t\t\t\t<\/div>\n\n\t\t\t<\/div>\n\t\t\t<!-- END MasterSlider Main -->\n\n\t\t\t \n\t\t<\/div>\n\t\t<!-- END MasterSlider -->\n\n\t\t<script>\n\t\t(function ( $ ) {\n\t\t\t\"use strict\";\n\n\t\t\t$(function () {\n\t\t\t\tvar masterslider_407f = new MasterSlider();\n\n\t\t\t\t\/\/ slider controls\n\t\t\t\tmasterslider_407f.control('arrows'     ,{ autohide:true, overVideo:true  });\n\t\t\t\t\/\/ slider setup\n\t\t\t\tmasterslider_407f.setup(\"MS69e1de9e9407f\", {\n\t\t\t\t\t\twidth           : 1000,\n\t\t\t\t\t\theight          : 600,\n\t\t\t\t\t\tminHeight       : 0,\n\t\t\t\t\t\tspace           : 0,\n\t\t\t\t\t\tstart           : 1,\n\t\t\t\t\t\tgrabCursor      : true,\n\t\t\t\t\t\tswipe           : true,\n\t\t\t\t\t\tmouse           : true,\n\t\t\t\t\t\tlayout          : \"fullwidth\",\n\t\t\t\t\t\twheel           : false,\n\t\t\t\t\t\tautoplay        : false,\n\t\t\t\t\t\tinstantStartLayers:false,\n\t\t\t\t\t\tloop            : false,\n\t\t\t\t\t\tshuffle         : false,\n\t\t\t\t\t\tpreload         : 0,\n\t\t\t\t\t\theightLimit     : true,\n\t\t\t\t\t\tautoHeight      : false,\n\t\t\t\t\t\tsmoothHeight    : true,\n\t\t\t\t\t\tendPause        : false,\n\t\t\t\t\t\toverPause       : true,\n\t\t\t\t\t\tfillMode        : \"fill\",\n\t\t\t\t\t\tcenterControls  : false,\n\t\t\t\t\t\tstartOnAppear   : false,\n\t\t\t\t\t\tlayersMode      : \"center\",\n\t\t\t\t\t\thideLayers      : false,\n\t\t\t\t\t\tfullscreenMargin: 0,\n\t\t\t\t\t\tspeed           : 20,\n\t\t\t\t\t\tdir             : \"h\",\n\t\t\t\t\t\tparallaxMode    : 'swipe',\n\t\t\t\t\t\tview            : \"fade\"\n\t\t\t\t});\n\n\t\t\t\t\n\t\t\t\twindow.masterslider_instances = window.masterslider_instances || [];\n\t\t\t\twindow.masterslider_instances.push( masterslider_407f );\n\t\t\t });\n\n\t\t})(jQuery);\n\t\t<\/script>\n\n\n<div class=\"slid-desc\">In der Sandstrahltechnik<br \/>\nentscheidet die Erfahrung<\/div>\n<\/div>\n<div class=\"bellow-slider\">\n<p>Seit mehr als 60 Jahren, BREMOR entwickelt, produziert, vermarktet und \u00fcberarbeitet Sandstrahlanlagen.<\/p>\n<p>Bremor Sandstrahlanlagen k\u00f6nnen den verschiedensten spezifischen Anwendungen angepasst werden.<br \/>\nAus rationellen bzw. wirtschaftlichen Gr\u00fcnden, wird Jede Strahlmaschine nach Mass auf der Basis eines Standard-Rohbaus entworfen.<\/p>\n<p>Die Herstellung von Automaten und deren Integration in eine Produktionslinie ist eine unserer Spezialit\u00e4ten.<\/p>\n<\/div>\n<div class=\"machines\">\n<div class=\"wrapper\">\n<h2><img loading=\"lazy\" decoding=\"async\" class=\"alignnone size-full wp-image-538\" src=\"http:\/\/bremor.ch\/wp-content\/uploads\/2017\/06\/dots2.png\" alt=\"\" width=\"31\" height=\"21\" \/>\u00a0MASCHINEN\u00a0<img loading=\"lazy\" decoding=\"async\" class=\"alignnone size-full wp-image-539\" src=\"http:\/\/bremor.ch\/wp-content\/uploads\/2017\/06\/dots1.png\" alt=\"\" width=\"31\" height=\"21\" \/><\/h2>\n<div class=\"machines-div\">\n<div class=\"flip\">\n<p><img loading=\"lazy\" decoding=\"async\" class=\"alignnone size-full wp-image-544\" src=\"http:\/\/bremor.ch\/wp-content\/uploads\/2017\/06\/manually-operated-machines.jpg\" alt=\"\" width=\"370\" height=\"353\" srcset=\"https:\/\/bremor.ch\/wp-content\/uploads\/2017\/06\/manually-operated-machines.jpg 370w, https:\/\/bremor.ch\/wp-content\/uploads\/2017\/06\/manually-operated-machines-300x286.jpg 300w\" sizes=\"auto, (max-width: 370px) 100vw, 370px\" \/><\/p>\n<p class=\"flip-p\"><a href=\"\/manually-operated-machines\">Handbetriebene Maschinen<\/a><\/p>\n<\/div>\n<p class=\"main-cat\">Handbetriebene Maschinen<\/p>\n<p><i class=\"fa fa-caret-right\" aria-hidden=\"true\"><\/i>\u00a0<a href=\"\/manually-operated-machines\/ms-40-kk-5s-machine-with-3-fine-sandblasting-nozzles\">Ms 40<\/a><\/p>\n<p><i class=\"fa fa-caret-right\"><\/i>\u00a0<a href=\"\/manually-operated-machines\/ms-55\">Ms 55<\/a><\/p>\n<p><i class=\"fa fa-caret-right\" aria-hidden=\"true\"><\/i>\u00a0<a href=\"\/manually-operated-machines\/ms-70-sandblasting-machine\">Ms 70<\/a><\/p>\n<p><i class=\"fa fa-caret-right\" aria-hidden=\"true\"><\/i>\u00a0<a href=\"\/manually-operated-machines\/mb-80-sandblasting-machine\">Mb 80<\/a><\/p>\n<p><i class=\"fa fa-caret-right\" aria-hidden=\"true\"><\/i>\u00a0<a href=\"\/manually-operated-machines\/mb-100-sandblasting-machine\">Mb 100<\/a><\/p>\n<\/div>\n<div class=\"machines-div\">\n<div class=\"flip\">\n<p><img loading=\"lazy\" decoding=\"async\" class=\"alignnone size-full wp-image-543\" src=\"http:\/\/bremor.ch\/wp-content\/uploads\/2017\/06\/batch-barrel-machines.jpg\" alt=\"\" width=\"370\" height=\"353\" srcset=\"https:\/\/bremor.ch\/wp-content\/uploads\/2017\/06\/batch-barrel-machines.jpg 370w, https:\/\/bremor.ch\/wp-content\/uploads\/2017\/06\/batch-barrel-machines-300x286.jpg 300w\" sizes=\"auto, (max-width: 370px) 100vw, 370px\" \/><\/p>\n<p class=\"flip-p\"><a href=\"\/batch-barrel-machines\">Maschinen mit Strahlfass<\/a><\/p>\n<\/div>\n<p class=\"main-cat\">Maschinen mit Strahlfass<\/p>\n<p><i class=\"fa fa-caret-right\" aria-hidden=\"true\"><\/i>\u00a0<a href=\"\/batch-barrel-machines\/ub-70\">Ub 70<\/a><\/p>\n<p><i class=\"fa fa-caret-right\" aria-hidden=\"true\"><\/i>\u00a0<a href=\"\/batch-barrel-machines\/ub-80\">Ub 80<\/a><\/p>\n<p><i class=\"fa fa-caret-right\" aria-hidden=\"true\"><\/i>\u00a0<a href=\"\/batch-barrel-machines\/ub-100\">Ub 100<\/a><\/p>\n<p><i class=\"fa fa-caret-right\" aria-hidden=\"true\"><\/i>\u00a0<a href=\"\/batch-barrel-machines\/ub-202-180-n-05\">Ub 202 \/ 180 N 05<\/a><\/p>\n<\/div>\n<div class=\"machines-div\">\n<div class=\"flip\">\n<p><img loading=\"lazy\" decoding=\"async\" class=\"alignnone size-full wp-image-797\" src=\"http:\/\/bremor.ch\/wp-content\/uploads\/2017\/06\/semiauto.jpg\" alt=\"\" width=\"300\" height=\"286\" \/><\/p>\n<p class=\"flip-p\"><a href=\"\/semi-automatic-machines\">Halbautomatische Maschinen<\/a><\/p>\n<\/div>\n<p class=\"main-cat\">Halbautomatische Maschinen<\/p>\n<p><i class=\"fa fa-caret-right\"><\/i>\u00a0<a href=\"\/semi-automatic-machines\/ub-70\">Ub 70<\/a><\/p>\n<p><i class=\"fa fa-caret-right\"><\/i>\u00a0<a href=\"\/semi-automatic-machines\/ub-80\">Ub 80<\/a><\/p>\n<p><i class=\"fa fa-caret-right\"><\/i>\u00a0<a href=\"\/semi-automatic-machines\/ub-100\">Ub 100<\/a><\/p>\n<p><i class=\"fa fa-caret-right\"><\/i>\u00a0<a href=\"\/semi-automatic-machines\/ub-120\">Ub 120<\/a><\/p>\n<\/div>\n<div class=\"machines-div\">\n<div class=\"flip\">\n<p><img loading=\"lazy\" decoding=\"async\" class=\"alignnone size-medium wp-image-881\" src=\"http:\/\/bremor.ch\/wp-content\/uploads\/2017\/06\/Fully-automatic-machines-1-300x286.jpg\" alt=\"\" width=\"300\" height=\"286\" srcset=\"https:\/\/bremor.ch\/wp-content\/uploads\/2017\/06\/Fully-automatic-machines-1-300x286.jpg 300w, https:\/\/bremor.ch\/wp-content\/uploads\/2017\/06\/Fully-automatic-machines-1.jpg 370w\" sizes=\"auto, (max-width: 300px) 100vw, 300px\" \/><\/p>\n<p class=\"flip-p\"><a href=\"\/fully-automatic-machines\">Vollautomatische Maschinen<\/a><\/p>\n<\/div>\n<p class=\"main-cat\">Vollautomatische Maschinen<\/p>\n<p><i class=\"fa fa-caret-right\"><\/i>\u00a0<a href=\"\/fully-automatic-machines\/ub-100\">Ub 100<\/a><\/p>\n<p><i class=\"fa fa-caret-right\"><\/i>\u00a0<a href=\"\/fully-automatic-machines\/ub-120\">Ub 120<\/a><\/p>\n<\/div>\n<\/div>\n<\/div>\n<div class=\"map\"><a href=\"https:\/\/www.google.mk\/maps\/place\/Bremor+Services+S%C3%A0rl\/@46.4687633,6.8410802,17z\/data=!3m1!4b1!4m5!3m4!1s0x478e832c56b139ed:0x2a9a718cd8f228e5!8m2!3d46.4687633!4d6.8432689?hl=en\" target=\"_blank\" rel=\"noopener\"><img loading=\"lazy\" decoding=\"async\" class=\"alignnone size-full wp-image-573\" src=\"http:\/\/bremor.ch\/wp-content\/uploads\/2017\/06\/map.jpg\" alt=\"\" width=\"1920\" height=\"350\" srcset=\"https:\/\/bremor.ch\/wp-content\/uploads\/2017\/06\/map.jpg 1920w, https:\/\/bremor.ch\/wp-content\/uploads\/2017\/06\/map-300x55.jpg 300w, https:\/\/bremor.ch\/wp-content\/uploads\/2017\/06\/map-768x140.jpg 768w, https:\/\/bremor.ch\/wp-content\/uploads\/2017\/06\/map-1024x187.jpg 1024w\" sizes=\"auto, (max-width: 1920px) 100vw, 1920px\" \/><\/a><\/div>\n<p><\/p>","protected":false},"excerpt":{"rendered":"<p>In der Sandstrahltechnik entscheidet die Erfahrung Seit mehr als 60 Jahren, BREMOR entwickelt, produziert, vermarktet und \u00fcberarbeitet Sandstrahlanlagen. Bremor Sandstrahlanlagen k\u00f6nnen den verschiedensten spezifischen Anwendungen angepasst werden. Aus rationellen bzw. wirtschaftlichen Gr\u00fcnden, wird Jede Strahlmaschine nach Mass auf der Basis eines Standard-Rohbaus entworfen. Die Herstellung von Automaten und deren Integration in eine Produktionslinie ist eine [&hellip;]<\/p>\n","protected":false},"author":2,"featured_media":0,"parent":0,"menu_order":0,"comment_status":"closed","ping_status":"closed","template":"","meta":{"_exactmetrics_skip_tracking":false,"_exactmetrics_sitenote_active":false,"_exactmetrics_sitenote_note":"","_exactmetrics_sitenote_category":0,"footnotes":""},"class_list":["post-496","page","type-page","status-publish","hentry"],"_links":{"self":[{"href":"https:\/\/bremor.ch\/de\/wp-json\/wp\/v2\/pages\/496","targetHints":{"allow":["GET"]}}],"collection":[{"href":"https:\/\/bremor.ch\/de\/wp-json\/wp\/v2\/pages"}],"about":[{"href":"https:\/\/bremor.ch\/de\/wp-json\/wp\/v2\/types\/page"}],"author":[{"embeddable":true,"href":"https:\/\/bremor.ch\/de\/wp-json\/wp\/v2\/users\/2"}],"replies":[{"embeddable":true,"href":"https:\/\/bremor.ch\/de\/wp-json\/wp\/v2\/comments?post=496"}],"version-history":[{"count":54,"href":"https:\/\/bremor.ch\/de\/wp-json\/wp\/v2\/pages\/496\/revisions"}],"predecessor-version":[{"id":913,"href":"https:\/\/bremor.ch\/de\/wp-json\/wp\/v2\/pages\/496\/revisions\/913"}],"wp:attachment":[{"href":"https:\/\/bremor.ch\/de\/wp-json\/wp\/v2\/media?parent=496"}],"curies":[{"name":"wp","href":"https:\/\/api.w.org\/{rel}","templated":true}]}}